{"id":1875,"date":"2025-10-30T12:26:24","date_gmt":"2025-10-30T12:26:24","guid":{"rendered":"https:\/\/invoice.coinsnap.org\/platnosc-bitcoin-nie-powiodla-sie\/"},"modified":"2025-10-30T12:26:24","modified_gmt":"2025-10-30T12:26:24","slug":"platnosc-bitcoin-nie-powiodla-sie","status":"publish","type":"page","link":"https:\/\/invoice.coinsnap.org\/pl\/platnosc-bitcoin-nie-powiodla-sie\/","title":{"rendered":"P\u0142atno\u015b\u0107 Bitcoin NIE powiod\u0142a si\u0119"},"content":{"rendered":"<div class=\"wpb-content-wrapper\">[vc_row][vc_column][vc_column_text css=&#8221;.vc_custom_1761653354124{margin-top: -50px !important;padding-top: 30px !important;padding-bottom: 30px !important;background-color: #F7931A !important;}&#8221;]\n<h1 style=\"text-align: center;\"><span style=\"color: #ffffff;\">P\u0142atno\u015b\u0107 Bitcoin nie powiod\u0142a si\u0119<\/span><\/h1>\n[\/vc_column_text][\/vc_column][\/vc_row][vc_row][vc_column][vc_column_text css=&#8221;&#8221;]\n<h2 style=\"text-align: center;\">P\u0142atno\u015b\u0107 Bitcoin NIE powiod\u0142a si\u0119.<\/h2>\n<h2 style=\"text-align: center;\">Spr\u00f3buj ponownie.<\/h2>\n[\/vc_column_text][vc_column_text css=&#8221;&#8221;]<a href=\"https:\/\/invoice.coinsnap.org\/\" class=\"hb-button hb-orange hb-large-button\" target=\"_self\" style=\"-webkit-border-radius: 2px;-moz-border-radius: 2px;border-radius: 2px;\">Powr\u00f3t do strony p\u0142atno\u015bci Bitcoin<\/a>[\/vc_column_text][\/vc_column][\/vc_row]\n<\/div>","protected":false},"excerpt":{"rendered":"<p>[vc_row][vc_column][vc_column_text css=&#8221;.vc_custom_1761653354124{margin-top: -50px !important;padding-top: 30px !important;padding-bottom: 30px !important;background-color: #F7931A !important;}&#8221;] P\u0142atno\u015b\u0107 Bitcoin nie powiod\u0142a si\u0119 [\/vc_column_text][\/vc_column][\/vc_row][vc_row][vc_column][vc_column_text css=&#8221;&#8221;] P\u0142atno\u015b\u0107 Bitcoin NIE [&hellip;]<\/p>\n","protected":false},"author":1,"featured_media":0,"parent":0,"menu_order":0,"comment_status":"closed","ping_status":"closed","template":"","meta":{"footnotes":""},"class_list":["post-1875","page","type-page","status-publish","hentry"],"_links":{"self":[{"href":"https:\/\/invoice.coinsnap.org\/pl\/wp-json\/wp\/v2\/pages\/1875","targetHints":{"allow":["GET"]}}],"collection":[{"href":"https:\/\/invoice.coinsnap.org\/pl\/wp-json\/wp\/v2\/pages"}],"about":[{"href":"https:\/\/invoice.coinsnap.org\/pl\/wp-json\/wp\/v2\/types\/page"}],"author":[{"embeddable":true,"href":"https:\/\/invoice.coinsnap.org\/pl\/wp-json\/wp\/v2\/users\/1"}],"replies":[{"embeddable":true,"href":"https:\/\/invoice.coinsnap.org\/pl\/wp-json\/wp\/v2\/comments?post=1875"}],"version-history":[{"count":0,"href":"https:\/\/invoice.coinsnap.org\/pl\/wp-json\/wp\/v2\/pages\/1875\/revisions"}],"wp:attachment":[{"href":"https:\/\/invoice.coinsnap.org\/pl\/wp-json\/wp\/v2\/media?parent=1875"}],"curies":[{"name":"wp","href":"https:\/\/api.w.org\/{rel}","templated":true}]}}