{"id":1869,"date":"2025-10-10T00:35:17","date_gmt":"2025-10-10T00:35:17","guid":{"rendered":"https:\/\/invoice.coinsnap.org\/faktura-bitcoin\/"},"modified":"2025-12-12T09:19:58","modified_gmt":"2025-12-12T09:19:58","slug":"faktura-bitcoin","status":"publish","type":"page","link":"https:\/\/invoice.coinsnap.org\/pl\/","title":{"rendered":"Faktura Bitcoin"},"content":{"rendered":"<div class=\"wpb-content-wrapper\">[vc_row][vc_column][vc_column_text css=&#8221;&#8221;]\n<h1 style=\"text-align: center;\">Op\u0142a\u0107 faktur\u0119 za pomoc\u0105 Bitcoin<\/h1>\n[\/vc_column_text][vc_row_inner][vc_column_inner width=&#8221;1\/2&#8243;][vc_column_text css=&#8221;&#8221;]Tutaj mo\u017cesz op\u0142aci\u0107 swoj\u0105 faktur\u0119 za pomoc\u0105 Bitcoin.<\/p>\n<p>Wprowad\u017a numer faktury i kwot\u0119. Je\u015bli chcesz, mo\u017cesz r\u00f3wnie\u017c wys\u0142a\u0107 nam osobist\u0105 wiadomo\u015b\u0107.<\/p>\n<p>Nast\u0119pnie kliknij &#8222;Zap\u0142a\u0107 Bitcoinem&#8221;.[\/vc_column_text][\/vc_column_inner][vc_column_inner width=&#8221;1\/2&#8243;][vc_single_image image=&#8221;1916&#8243; img_size=&#8221;medium&#8221; alignment=&#8221;center&#8221; css=&#8221;&#8221;][\/vc_column_inner][\/vc_row_inner][\/vc_column][\/vc_row][vc_row el_class=&#8221;center-form&#8221;][vc_column el_class=&#8221;center-form&#8221;][vc_column_text css=&#8221;&#8221;]\n<p style=\"text-align: center;\">\t\t<form class=\"bif-form bif-form-MI5N4j\" data-form-id=\"1867\" data-form-inline-id=\"MI5N4j\" data-currency=\"USD\" data-discount-enabled=\"1\" data-discount-type=\"percent\" data-discount-value=\"10\">\r\n\t\t\t<input type=\"hidden\" id=\"bif_form_nonce\" name=\"bif_form_nonce\" value=\"5bd3441512\" \/><input type=\"hidden\" name=\"_wp_http_referer\" value=\"\/pl\/wp-json\/wp\/v2\/pages\/1869\" \/>\t\t\t<input type=\"hidden\" name=\"form_id\" value=\"1867\" \/>\r\n\r\n\t\t\t\t\t\t\t\t\t\t\t<div class=\"bif-discount-badge\" aria-live=\"polite\">Bitcoin Discount: 10%<\/div>\r\n\t\t\t\r\n\t\t\t<div class=\"bif-form-fields\">\r\n\t\t\t\t<div class=\"bif-field bif-field-invoice_recipient\"><label for=\"bif_invoice_recipient\">Invoice Recipient <span class=\"required\">*<\/span><\/label><input type=\"text\" id=\"bif_invoice_recipient\" name=\"bif_invoice_recipient\" required \/><\/div><div class=\"bif-field bif-field-invoice_number\"><label for=\"bif_invoice_number\">Invoice Number <span class=\"required\">*<\/span><\/label><input type=\"text\" id=\"bif_invoice_number\" name=\"bif_invoice_number\" required \/><\/div><div class=\"bif-field bif-field-amount\"><label for=\"bif_amount\">Amount <span class=\"required\">*<\/span><\/label><input type=\"number\" id=\"bif_amount\" name=\"bif_amount\" required step=\"0.01\" min=\"0\" data-discount-enabled=\"1\" data-discount-type=\"percent\" data-discount-value=\"10\" \/><\/div><div class=\"bif-field bif-field-currency\"><label for=\"bif_currency\">Currency <span class=\"required\">*<\/span><\/label><input type=\"hidden\" name=\"bif_currency\" value=\"USD\" required \/><input type=\"text\" id=\"bif_currency_display\" value=\"USD\" readonly disabled style=\"background:#f8f8f8; color:#333; max-width:120px;\" aria-readonly=\"true\" \/><\/div><div class=\"bif-field bif-field-email\"><label for=\"bif_email\">Email<\/label><input type=\"email\" id=\"bif_email\" name=\"bif_email\" \/><\/div><div class=\"bif-field bif-field-description\"><label for=\"bif_description\">Your message to the Invoice receiver<\/label><textarea id=\"bif_description\" name=\"bif_description\" rows=\"4\"><\/textarea><\/div>\t\t\t<\/div>\r\n\r\n\t\t\t\t\t\t<div class=\"bif-discount-totals\" role=\"status\" aria-live=\"polite\">\r\n                            <div class=\"bif-totals-row\">\r\n                                <span class=\"bif-totals-label\">Original<\/span>\r\n\t\t\t\t<span class=\"bif-totals-original\" data-value=\"0\">\u2014<\/span>\r\n                            <\/div>\r\n                            <div class=\"bif-totals-row\">\r\n                                <span class=\"bif-totals-label\">Discount<\/span>\r\n                                <span class=\"bif-totals-discount\" data-value=\"0\">\u2014<\/span>\r\n                            <\/div>\r\n                            <div class=\"bif-totals-row bif-totals-final-row\">\r\n                                <span class=\"bif-totals-label\">You pay<\/span>\r\n\t\t\t\t<span class=\"bif-totals-final\" data-value=\"0\">\u2014<\/span>\r\n                            <\/div>\r\n\t\t\t<\/div>\r\n\t\t\t\r\n\t\t\t<div class=\"bif-discount-notice\">Good news! A discount of 10% will be applied to the amount at checkout.<\/div>\r\n\t\t\t<div class=\"bif-form-actions\">\r\n\t\t\t\t<button type=\"submit\" class=\"bif-button\">\r\n\t\t\t\t\tPay Invoice with Bitcoin\t\t\t\t<\/button>\r\n\t\t\t<\/div>\r\n\r\n\t\t\t<div class=\"bif-form-messages\" style=\"display: none;\">\r\n\t\t\t\t<div class=\"bif-message bif-message-success\"><\/div>\r\n\t\t\t\t<div class=\"bif-message bif-message-error\"><\/div>\r\n\t\t\t<\/div>\r\n\t\t<\/form>\r\n\r\n\t\t\n[\/vc_column_text][\/vc_column][\/vc_row][vc_row][vc_column][vc_column_text css=&#8221;&#8221;]\n<p data-start=\"155\" data-end=\"318\">Ten <strong data-start=\"160\" data-end=\"192\">przyk\u0142ad formularza faktury<\/strong> <strong data-start=\"209\" data-end=\"261\">Bitcoin jest oparty na wtyczce Coinsnap WordPress &#8222;Bitcoin Invoice Form&#8221;<\/strong> i mo\u017ce by\u0107 u\u017cywany na dowolnej stronie internetowej zbudowanej za pomoc\u0105 <strong data-start=\"304\" data-end=\"317\">WordPress<\/strong>.<\/p>\n<p data-start=\"320\" data-end=\"478\">Do przetwarzania p\u0142atno\u015bci Bitcoin potrzebny jest dodatkowo <strong data-start=\"380\" data-end=\"397\">serwer BTCPay<\/strong> lub <strong data-start=\"403\" data-end=\"423\">konto Coinsnap<\/strong>.<br data-start=\"424\" data-end=\"427\" \/>Wi\u0119cej informacji mo\u017cna znale\u017a\u0107 na stronie <a href=\"https:\/\/coinsnap.io\/blog\/wordpress-bitcoin-invoice-form\/\" target=\"_blank\" rel=\"noopener\">https:\/\/coinsnap.io\/blog\/wordpress-bitcoin-invoice-form\/<\/a>.<\/p>\n<p data-start=\"480\" data-end=\"729\">Je\u015bli Twoja witryna <strong data-start=\"499\" data-end=\"527\">nie jest zbudowana za pomoc\u0105 WordPress<\/strong>, mo\u017cesz alternatywnie u\u017cy\u0107 formularza <a href=\"https:\/\/invoice.coinsnap.org\/pl\/platnosc-bitcoin-nie-powiodla-sie\/\" target=\"_blank\" rel=\"noopener\"><strong data-start=\"699\" data-end=\"728\">faktury HTML Bitcoin<\/strong><\/a>.<br data-start=\"589\" data-end=\"592\" \/>Pozwala to akceptowa\u0107 p\u0142atno\u015bci Bitcoin na praktycznie ka\u017cdej stronie internetowej.<br data-start=\"660\" data-end=\"663\" \/>Wi\u0119cej informacji mo\u017cna znale\u017a\u0107 w sekcji <strong data-start=\"699\" data-end=\"728\">Formularz faktury HTML Bitcoin<\/strong>.<\/p>\n[\/vc_column_text][\/vc_column][\/vc_row]\n<\/div>","protected":false},"excerpt":{"rendered":"<p>[vc_row][vc_column][vc_column_text css=&#8221;&#8221;] Op\u0142a\u0107 faktur\u0119 za pomoc\u0105 Bitcoin [\/vc_column_text][vc_row_inner][vc_column_inner width=&#8221;1\/2&#8243;][vc_column_text css=&#8221;&#8221;]Tutaj mo\u017cesz op\u0142aci\u0107 swoj\u0105 faktur\u0119 za pomoc\u0105 Bitcoin. Wprowad\u017a numer faktury [&hellip;]<\/p>\n","protected":false},"author":1,"featured_media":0,"parent":0,"menu_order":0,"comment_status":"closed","ping_status":"closed","template":"","meta":{"footnotes":""},"class_list":["post-1869","page","type-page","status-publish","hentry"],"_links":{"self":[{"href":"https:\/\/invoice.coinsnap.org\/pl\/wp-json\/wp\/v2\/pages\/1869","targetHints":{"allow":["GET"]}}],"collection":[{"href":"https:\/\/invoice.coinsnap.org\/pl\/wp-json\/wp\/v2\/pages"}],"about":[{"href":"https:\/\/invoice.coinsnap.org\/pl\/wp-json\/wp\/v2\/types\/page"}],"author":[{"embeddable":true,"href":"https:\/\/invoice.coinsnap.org\/pl\/wp-json\/wp\/v2\/users\/1"}],"replies":[{"embeddable":true,"href":"https:\/\/invoice.coinsnap.org\/pl\/wp-json\/wp\/v2\/comments?post=1869"}],"version-history":[{"count":4,"href":"https:\/\/invoice.coinsnap.org\/pl\/wp-json\/wp\/v2\/pages\/1869\/revisions"}],"predecessor-version":[{"id":1952,"href":"https:\/\/invoice.coinsnap.org\/pl\/wp-json\/wp\/v2\/pages\/1869\/revisions\/1952"}],"wp:attachment":[{"href":"https:\/\/invoice.coinsnap.org\/pl\/wp-json\/wp\/v2\/media?parent=1869"}],"curies":[{"name":"wp","href":"https:\/\/api.w.org\/{rel}","templated":true}]}}