{"id":1835,"date":"2025-10-10T00:35:17","date_gmt":"2025-10-10T00:35:17","guid":{"rendered":"https:\/\/invoice.coinsnap.org\/bitcoin-rechnung\/"},"modified":"2025-12-12T09:00:31","modified_gmt":"2025-12-12T09:00:31","slug":"bitcoin-rechnung","status":"publish","type":"page","link":"https:\/\/invoice.coinsnap.org\/de\/","title":{"rendered":"Bitcoin Rechnung"},"content":{"rendered":"<div class=\"wpb-content-wrapper\">[vc_row][vc_column][vc_column_text css=&#8220;&#8220;]\n<h1 style=\"text-align: center;\">Bezahle deine Rechnung mit Bitcoin<\/h1>\n[\/vc_column_text][vc_row_inner][vc_column_inner width=&#8220;1\/2&#8243;][vc_column_text css=&#8220;&#8220;]Hier kannst du deine Rechnung mit Bitcoin bezahlen<\/p>\n<p>Gebe deine Rechnungsnummer und den Rechnungsbetrag ein. Wenn du m\u00f6chtest, dann kannst du uns auch eine Nachricht schicken.<\/p>\n<p>Dann klicke auf &#8222;Bezahle die Rechnung per Bitcoin&#8220;[\/vc_column_text][\/vc_column_inner][vc_column_inner width=&#8220;1\/2&#8243;][vc_single_image image=&#8220;1916&#8243; img_size=&#8220;medium&#8220; alignment=&#8220;center&#8220; css=&#8220;&#8220;][\/vc_column_inner][\/vc_row_inner][\/vc_column][\/vc_row][vc_row el_class=&#8220;center-form&#8220;][vc_column el_class=&#8220;center-form&#8220;][vc_column_text css=&#8220;&#8220;]\n<p style=\"text-align: center;\">\t\t<form class=\"bif-form bif-form-jlhcrB\" data-form-id=\"1804\" data-form-inline-id=\"jlhcrB\" data-currency=\"EUR\" data-discount-enabled=\"1\" data-discount-type=\"percent\" data-discount-value=\"10\">\r\n\t\t\t<input type=\"hidden\" id=\"bif_form_nonce\" name=\"bif_form_nonce\" value=\"9114d97d60\" \/><input type=\"hidden\" name=\"_wp_http_referer\" value=\"\/de\/wp-json\/wp\/v2\/pages\/1835\" \/>\t\t\t<input type=\"hidden\" name=\"form_id\" value=\"1804\" \/>\r\n\r\n\t\t\t\t\t\t\t\t\t\t\t<div class=\"bif-discount-badge\" aria-live=\"polite\">Bitcoin Discount: 10%<\/div>\r\n\t\t\t\r\n\t\t\t<div class=\"bif-form-fields\">\r\n\t\t\t\t<div class=\"bif-field bif-field-invoice_recipient\"><label for=\"bif_invoice_recipient\">Rechnungsempf\u00e4nger <span class=\"required\">*<\/span><\/label><input type=\"text\" id=\"bif_invoice_recipient\" name=\"bif_invoice_recipient\" required \/><\/div><div class=\"bif-field bif-field-invoice_number\"><label for=\"bif_invoice_number\">Rechnungsnummer <span class=\"required\">*<\/span><\/label><input type=\"text\" id=\"bif_invoice_number\" name=\"bif_invoice_number\" required \/><\/div><div class=\"bif-field bif-field-amount\"><label for=\"bif_amount\">Betrag <span class=\"required\">*<\/span><\/label><input type=\"number\" id=\"bif_amount\" name=\"bif_amount\" required step=\"0.01\" min=\"0\" data-discount-enabled=\"1\" data-discount-type=\"percent\" data-discount-value=\"10\" \/><\/div><div class=\"bif-field bif-field-currency\"><label for=\"bif_currency\">W\u00e4hrung <span class=\"required\">*<\/span><\/label><input type=\"hidden\" name=\"bif_currency\" value=\"EUR\" required \/><input type=\"text\" id=\"bif_currency_display\" value=\"EUR\" readonly disabled style=\"background:#f8f8f8; color:#333; max-width:120px;\" aria-readonly=\"true\" \/><\/div><div class=\"bif-field bif-field-email\"><label for=\"bif_email\">Email<\/label><input type=\"email\" id=\"bif_email\" name=\"bif_email\" \/><\/div><div class=\"bif-field bif-field-description\"><label for=\"bif_description\">Deine Nachricht an uns<\/label><textarea id=\"bif_description\" name=\"bif_description\" rows=\"4\"><\/textarea><\/div>\t\t\t<\/div>\r\n\r\n\t\t\t\t\t\t<div class=\"bif-discount-totals\" role=\"status\" aria-live=\"polite\">\r\n                            <div class=\"bif-totals-row\">\r\n                                <span class=\"bif-totals-label\">Original<\/span>\r\n\t\t\t\t<span class=\"bif-totals-original\" data-value=\"0\">\u2014<\/span>\r\n                            <\/div>\r\n                            <div class=\"bif-totals-row\">\r\n                                <span class=\"bif-totals-label\">Discount<\/span>\r\n                                <span class=\"bif-totals-discount\" data-value=\"0\">\u2014<\/span>\r\n                            <\/div>\r\n                            <div class=\"bif-totals-row bif-totals-final-row\">\r\n                                <span class=\"bif-totals-label\">You pay<\/span>\r\n\t\t\t\t<span class=\"bif-totals-final\" data-value=\"0\">\u2014<\/span>\r\n                            <\/div>\r\n\t\t\t<\/div>\r\n\t\t\t\r\n\t\t\t<div class=\"bif-discount-notice\">Bei einer Bezahlung mit Bitcoin erh\u00e4ltst du einen Rabatt von 10 %.<\/div>\r\n\t\t\t<div class=\"bif-form-actions\">\r\n\t\t\t\t<button type=\"submit\" class=\"bif-button\">\r\n\t\t\t\t\tJetzt die Rechnung mit Bitcoin bezahlen\t\t\t\t<\/button>\r\n\t\t\t<\/div>\r\n\r\n\t\t\t<div class=\"bif-form-messages\" style=\"display: none;\">\r\n\t\t\t\t<div class=\"bif-message bif-message-success\"><\/div>\r\n\t\t\t\t<div class=\"bif-message bif-message-error\"><\/div>\r\n\t\t\t<\/div>\r\n\t\t<\/form>\r\n\r\n\t\t\n[\/vc_column_text][\/vc_column][\/vc_row][vc_row][vc_column][vc_column_text css=&#8220;&#8220;]\n<p data-start=\"155\" data-end=\"318\">Dieses <strong data-start=\"160\" data-end=\"192\">Bitcoin Invoice Form<\/strong> Beispiel basiert auf dem WordPress Plugin \u201e<strong data-start=\"209\" data-end=\"261\">Bitcoin Invoice Form<\/strong>\u201c von Coinsnap und kann auf jeder Webseite eingesetzt werden, die mit WordPress erstellt wurde.<\/p>\n<p data-start=\"320\" data-end=\"478\">F\u00fcr die Abwicklung von Bitcoin-Zahlungen ben\u00f6tigst du zus\u00e4tzlich entweder einen <strong data-start=\"380\" data-end=\"397\">BTCPay Server<\/strong> oder ein <strong data-start=\"403\" data-end=\"423\">Coinsnap<\/strong>-Konto.<br data-start=\"424\" data-end=\"427\" \/>Weitere Informationen findest du unter <a href=\"https:\/\/coinsnap.io\/blog\/wordpress-bitcoin-invoice-form\/\" target=\"_blank\" rel=\"noopener\">https:\/\/coinsnap.io\/blog\/wordpress-bitcoin-invoice-form\/<\/a><\/p>\n<p data-start=\"480\" data-end=\"729\">Falls deine Webseite nicht mit <strong data-start=\"499\" data-end=\"527\">WordPress<\/strong> erstellt wurde, kannst du alternativ das <strong data-start=\"559\" data-end=\"588\">HTML Bitcoin Invoice Form<\/strong> verwenden.<br data-start=\"589\" data-end=\"592\" \/>Damit l\u00e4sst sich das Bitcoin-Rechnungsformular auch problemlos in andere Webseiten integrieren.<br data-start=\"660\" data-end=\"663\" \/>Weitere Informationen findest du unter <a href=\"https:\/\/invoice.coinsnap.org\/de\/deine-bitcoin-zahlung-war-nicht-erfolgreich\/\" target=\"_blank\" rel=\"noopener\"><strong data-start=\"699\" data-end=\"728\">HTML Bitcoin-Rechnungsformular<\/strong>.<\/a><\/p>\n[\/vc_column_text][\/vc_column][\/vc_row]\n<\/div>","protected":false},"excerpt":{"rendered":"<p>[vc_row][vc_column][vc_column_text css=&#8220;&#8220;] Bezahle deine Rechnung mit Bitcoin [\/vc_column_text][vc_row_inner][vc_column_inner width=&#8220;1\/2&#8243;][vc_column_text css=&#8220;&#8220;]Hier kannst du deine Rechnung mit Bitcoin bezahlen Gebe deine Rechnungsnummer [&hellip;]<\/p>\n","protected":false},"author":1,"featured_media":0,"parent":0,"menu_order":0,"comment_status":"closed","ping_status":"closed","template":"","meta":{"footnotes":""},"class_list":["post-1835","page","type-page","status-publish","hentry"],"_links":{"self":[{"href":"https:\/\/invoice.coinsnap.org\/de\/wp-json\/wp\/v2\/pages\/1835","targetHints":{"allow":["GET"]}}],"collection":[{"href":"https:\/\/invoice.coinsnap.org\/de\/wp-json\/wp\/v2\/pages"}],"about":[{"href":"https:\/\/invoice.coinsnap.org\/de\/wp-json\/wp\/v2\/types\/page"}],"author":[{"embeddable":true,"href":"https:\/\/invoice.coinsnap.org\/de\/wp-json\/wp\/v2\/users\/1"}],"replies":[{"embeddable":true,"href":"https:\/\/invoice.coinsnap.org\/de\/wp-json\/wp\/v2\/comments?post=1835"}],"version-history":[{"count":9,"href":"https:\/\/invoice.coinsnap.org\/de\/wp-json\/wp\/v2\/pages\/1835\/revisions"}],"predecessor-version":[{"id":1947,"href":"https:\/\/invoice.coinsnap.org\/de\/wp-json\/wp\/v2\/pages\/1835\/revisions\/1947"}],"wp:attachment":[{"href":"https:\/\/invoice.coinsnap.org\/de\/wp-json\/wp\/v2\/media?parent=1835"}],"curies":[{"name":"wp","href":"https:\/\/api.w.org\/{rel}","templated":true}]}}